{"id":2692,"date":"2025-02-04T09:01:41","date_gmt":"2025-02-04T08:01:41","guid":{"rendered":"https:\/\/boscvidra.com\/?page_id=2692"},"modified":"2025-02-10T08:42:03","modified_gmt":"2025-02-10T07:42:03","slug":"blog","status":"publish","type":"page","link":"https:\/\/boscvidra.com\/es\/blog\/","title":{"rendered":"Blog"},"content":{"rendered":"<div class=\"wp-block-uagb-container uagb-block-93b94c88 alignfull uagb-is-root-container\"><div class=\"uagb-container-inner-blocks-wrap\">\n<div class=\"wp-block-uagb-advanced-heading uagb-block-392a41cb\"><h1 class=\"uagb-heading-text\">Blog<\/h1><\/div>\n<\/div><\/div>\n\n\n\n<div class=\"wp-block-uagb-container uagb-block-kasfb9t2 alignfull uagb-is-root-container\"><div class=\"uagb-container-inner-blocks-wrap\">\n<div class=\"wp-block-uagb-info-box uagb-block-w8qxnejp uagb-infobox__content-wrap  uagb-infobox-icon-above-title uagb-infobox-image-valign-top\"><div class=\"uagb-ifb-content\"><div class=\"uagb-ifb-title-wrap\"><h2 class=\"uagb-ifb-title\">Blog de Bosc Vidr\u00e0: Insp\u00edrate, Conecta y Descubre la Naturaleza<\/h2><\/div><p class=\"uagb-ifb-desc\">Un espacio para redescubrir los beneficios de la naturaleza y entender por qu\u00e9 es esencial pasar m\u00e1s tiempo en ella para nuestro bienestar.<\/p><\/div><\/div>\n<\/div><\/div>\n\n\n\n\t\t\t<div class=\"wp-block-uagb-post-carousel uagb-post-grid  uagb-post__image-position-top uagb-post__image-enabled uagb-block-36609659     uagb-post__arrow-outside uagb-post__items uagb-post__columns-3 is-carousel uagb-post__columns-tablet-2 uagb-post__columns-mobile-1\" data-total=\"1\" style=\"\">\n\n\t\t\t\t\t\t\t\t\t\t\t\t<article class=\"uagb-post__inner-wrap\">\t\t\t\t\t\t\t\t<div class='uagb-post__image'>\n\t\t\t\t\t\t\t\t\t<a href=\"https:\/\/boscvidra.com\/es\/sobre-bosc-vidra\/connecta-amb-el-teu-equip-en-un-entorn-natural-excepcional\/\" target=\"_self\" rel=\"bookmark noopener noreferrer\"><img loading=\"lazy\" decoding=\"async\" width=\"1024\" height=\"683\" src=\"https:\/\/boscvidra.com\/wp-content\/uploads\/2025\/04\/ElCavallerdeVidra-74-1024x683.jpg\" class=\"attachment-large size-large\" alt=\"Teambuilding en Bosc Vidr\u00e0\" srcset=\"https:\/\/boscvidra.com\/wp-content\/uploads\/2025\/04\/ElCavallerdeVidra-74-1024x683.jpg 1024w, https:\/\/boscvidra.com\/wp-content\/uploads\/2025\/04\/ElCavallerdeVidra-74-300x200.jpg 300w, https:\/\/boscvidra.com\/wp-content\/uploads\/2025\/04\/ElCavallerdeVidra-74-768x512.jpg 768w, https:\/\/boscvidra.com\/wp-content\/uploads\/2025\/04\/ElCavallerdeVidra-74-1536x1024.jpg 1536w, https:\/\/boscvidra.com\/wp-content\/uploads\/2025\/04\/ElCavallerdeVidra-74-18x12.jpg 18w, https:\/\/boscvidra.com\/wp-content\/uploads\/2025\/04\/ElCavallerdeVidra-74.jpg 2048w\" sizes=\"auto, (max-width: 1024px) 100vw, 1024px\" \/>\t\t\t\t\t<\/a>\n\t\t\t\t\t\t\t\t\t<\/div>\n\t\t\t\t\t\t<h4 class=\"uagb-post__title uagb-post__text\">\n\t\t\t\t<a href=\"https:\/\/boscvidra.com\/es\/sobre-bosc-vidra\/connecta-amb-el-teu-equip-en-un-entorn-natural-excepcional\/\" target=\"_self\" rel=\"bookmark noopener noreferrer\">Conecta con tu equipo en un entorno natural excepcional<\/a>\n\t\t\t<\/h4>\n\t\t\t\t\t\t<div class='uagb-post__text uagb-post-grid-byline'>\n\t\t\t\t\t\t\t\t<time datetime=\"2025-04-01T21:28:32+01:00\" class=\"uagb-post__date\">\n\t\t\t\t<span class=\"dashicons-calendar dashicons\"><\/span>\t\t\t\t\tabril 1, 2025\t\t\t\t<\/time>\n\t\t\t\t\t\t\t<span class=\"uagb-post__comment\">\n\t\t\t\t<span class=\"dashicons-admin-comments dashicons\"><\/span>\t\t\t\t\t1 comentario\t\t\t\t<\/span>\n\t\t\t\t\t\t<\/div>\n\t\t\t\t\t\t\t<div class='uagb-post__text uagb-post__excerpt'>\n\t\t\t\t\t<p>En un m\u00f3n on el treball d\u2019oficina i la tecnologia dominen el nostre dia a&#8230;\t\t\t\t<\/div>\n\t\t\t\t\t\t<div class=\"uagb-post__text uagb-post__cta wp-block-button\">\n\t\t\t\t<a class=\"wp-block-button__link uagb-text-link\" style=\"\" href=\"https:\/\/boscvidra.com\/es\/sobre-bosc-vidra\/connecta-amb-el-teu-equip-en-un-entorn-natural-excepcional\/\" target=\"_self\" rel=\"bookmark noopener noreferrer\">Llegir m\u00e9s<\/a>\n\t\t\t<\/div>\n\t\t\t\n\t\t\t\t\t\t\t\t\t<\/article>\n\t\t\t\t\t\t\t\t\t\t\t\t\t\t\t\t<article class=\"uagb-post__inner-wrap\">\t\t\t\t\t\t\t\t<div class='uagb-post__image'>\n\t\t\t\t\t\t\t\t\t<a href=\"https:\/\/boscvidra.com\/es\/sobre-bosc-vidra\/descobreix-bosc-vidra\/\" target=\"_self\" rel=\"bookmark noopener noreferrer\"><img loading=\"lazy\" decoding=\"async\" width=\"1024\" height=\"682\" src=\"https:\/\/boscvidra.com\/wp-content\/uploads\/2024\/02\/vila-vella-2-1024x682.webp\" class=\"attachment-large size-large\" alt=\"lloguer d\u2019espais a la natura\" srcset=\"https:\/\/boscvidra.com\/wp-content\/uploads\/2024\/02\/vila-vella-2-1024x682.webp 1024w, https:\/\/boscvidra.com\/wp-content\/uploads\/2024\/02\/vila-vella-2-300x200.webp 300w, https:\/\/boscvidra.com\/wp-content\/uploads\/2024\/02\/vila-vella-2-768x512.webp 768w, https:\/\/boscvidra.com\/wp-content\/uploads\/2024\/02\/vila-vella-2-1536x1023.webp 1536w, https:\/\/boscvidra.com\/wp-content\/uploads\/2024\/02\/vila-vella-2-18x12.webp 18w, https:\/\/boscvidra.com\/wp-content\/uploads\/2024\/02\/vila-vella-2-jpeg.webp 1672w\" sizes=\"auto, (max-width: 1024px) 100vw, 1024px\" \/>\t\t\t\t\t<\/a>\n\t\t\t\t\t\t\t\t\t<\/div>\n\t\t\t\t\t\t<h4 class=\"uagb-post__title uagb-post__text\">\n\t\t\t\t<a href=\"https:\/\/boscvidra.com\/es\/sobre-bosc-vidra\/descobreix-bosc-vidra\/\" target=\"_self\" rel=\"bookmark noopener noreferrer\">Descubre Bosc Vidr\u00e0: Un espacio en la naturaleza para retiros, talleres y eventos corporativos.<\/a>\n\t\t\t<\/h4>\n\t\t\t\t\t\t<div class='uagb-post__text uagb-post-grid-byline'>\n\t\t\t\t\t\t\t\t<time datetime=\"2023-10-27T01:53:07+01:00\" class=\"uagb-post__date\">\n\t\t\t\t<span class=\"dashicons-calendar dashicons\"><\/span>\t\t\t\t\toctubre 27, 2023\t\t\t\t<\/time>\n\t\t\t\t\t\t\t<span class=\"uagb-post__comment\">\n\t\t\t\t<span class=\"dashicons-admin-comments dashicons\"><\/span>\t\t\t\t\tNo hay comentarios\t\t\t\t<\/span>\n\t\t\t\t\t\t<\/div>\n\t\t\t\t\t\t\t<div class='uagb-post__text uagb-post__excerpt'>\n\t\t\t\t\t<p>Bienvenido\/a a Bosc Vidr\u00e0, un espacio en la naturaleza creado para ofrecer un entorno inspirador para\u2026\t\t\t\t<\/div>\n\t\t\t\t\t\t<div class=\"uagb-post__text uagb-post__cta wp-block-button\">\n\t\t\t\t<a class=\"wp-block-button__link uagb-text-link\" style=\"\" href=\"https:\/\/boscvidra.com\/es\/sobre-bosc-vidra\/descobreix-bosc-vidra\/\" target=\"_self\" rel=\"bookmark noopener noreferrer\">Llegir m\u00e9s<\/a>\n\t\t\t<\/div>\n\t\t\t\n\t\t\t\t\t\t\t\t\t<\/article>\n\t\t\t\t\t\t\t\t\t\t\t<\/div>","protected":false},"excerpt":{"rendered":"<p>Blog<\/p>","protected":false},"author":1,"featured_media":0,"parent":0,"menu_order":0,"comment_status":"closed","ping_status":"closed","template":"","meta":{"_uag_custom_page_level_css":"","site-sidebar-layout":"no-sidebar","site-content-layout":"page-builder","ast-site-content-layout":"full-width-container","site-content-style":"unboxed","site-sidebar-style":"unboxed","ast-global-header-display":"","ast-banner-title-visibility":"","ast-main-header-display":"","ast-hfb-above-header-display":"","ast-hfb-below-header-display":"","ast-hfb-mobile-header-display":"","site-post-title":"disabled","ast-breadcrumbs-content":"","ast-featured-img":"disabled","footer-sml-layout":"","ast-disable-related-posts":"","theme-transparent-header-meta":"enabled","adv-header-id-meta":"","stick-header-meta":"","header-above-stick-meta":"","header-main-stick-meta":"","header-below-stick-meta":"","astra-migrate-meta-layouts":"set","ast-page-background-enabled":"default","ast-page-background-meta":{"desktop":{"background-color":"var(--ast-global-color-4)","background-image":"","background-repeat":"repeat","background-position":"center center","background-size":"auto","background-attachment":"scroll","background-type":"","background-media":"","overlay-type":"","overlay-color":"","overlay-opacity":"","overlay-gradient":""},"tablet":{"background-color":"","background-image":"","background-repeat":"repeat","background-position":"center center","background-size":"auto","background-attachment":"scroll","background-type":"","background-media":"","overlay-type":"","overlay-color":"","overlay-opacity":"","overlay-gradient":""},"mobile":{"background-color":"","background-image":"","background-repeat":"repeat","background-position":"center center","background-size":"auto","background-attachment":"scroll","background-type":"","background-media":"","overlay-type":"","overlay-color":"","overlay-opacity":"","overlay-gradient":""}},"ast-content-background-meta":{"desktop":{"background-color":"var(--ast-global-color-5)","background-image":"","background-repeat":"repeat","background-position":"center center","background-size":"auto","background-attachment":"scroll","background-type":"","background-media":"","overlay-type":"","overlay-color":"","overlay-opacity":"","overlay-gradient":""},"tablet":{"background-color":"var(--ast-global-color-5)","background-image":"","background-repeat":"repeat","background-position":"center center","background-size":"auto","background-attachment":"scroll","background-type":"","background-media":"","overlay-type":"","overlay-color":"","overlay-opacity":"","overlay-gradient":""},"mobile":{"background-color":"var(--ast-global-color-5)","background-image":"","background-repeat":"repeat","background-position":"center center","background-size":"auto","background-attachment":"scroll","background-type":"","background-media":"","overlay-type":"","overlay-color":"","overlay-opacity":"","overlay-gradient":""}},"_EventAllDay":false,"_EventTimezone":"","_EventStartDate":"","_EventEndDate":"","_EventStartDateUTC":"","_EventEndDateUTC":"","_EventShowMap":false,"_EventShowMapLink":false,"_EventURL":"","_EventCost":"","_EventCostDescription":"","_EventCurrencySymbol":"","_EventCurrencyCode":"","_EventCurrencyPosition":"","_EventDateTimeSeparator":"","_EventTimeRangeSeparator":"","_EventOrganizerID":[],"_EventVenueID":[],"_OrganizerEmail":"","_OrganizerPhone":"","_OrganizerWebsite":"","_VenueAddress":"","_VenueCity":"","_VenueCountry":"","_VenueProvince":"","_VenueState":"","_VenueZip":"","_VenuePhone":"","_VenueURL":"","_VenueStateProvince":"","_VenueLat":"","_VenueLng":"","_VenueShowMap":false,"_VenueShowMapLink":false,"footnotes":""},"class_list":["post-2692","page","type-page","status-publish","hentry"],"yoast_head":"<!-- This site is optimized with the Yoast SEO plugin v27.2 - https:\/\/yoast.com\/product\/yoast-seo-wordpress\/ -->\n<title>Blog - Bosc Vidr\u00e0<\/title>\n<meta name=\"description\" content=\"Descobreix al blog de Bosc Vidr\u00e0 els articles sobre els beneficis de passar temps a la natura i la seva import\u00e0ncia per a la salut.\" \/>\n<meta name=\"robots\" content=\"index, follow, max-snippet:-1, max-image-preview:large, max-video-preview:-1\" \/>\n<link rel=\"canonical\" href=\"https:\/\/boscvidra.com\/es\/blog\/\" \/>\n<meta property=\"og:locale\" content=\"es_ES\" \/>\n<meta property=\"og:type\" content=\"article\" \/>\n<meta property=\"og:title\" content=\"Blog - Bosc Vidr\u00e0\" \/>\n<meta property=\"og:description\" content=\"Descobreix al blog de Bosc Vidr\u00e0 els articles sobre els beneficis de passar temps a la natura i la seva import\u00e0ncia per a la salut.\" \/>\n<meta property=\"og:url\" content=\"https:\/\/boscvidra.com\/es\/blog\/\" \/>\n<meta property=\"og:site_name\" content=\"Bosc Vidr\u00e0\" \/>\n<meta property=\"article:publisher\" content=\"https:\/\/www.facebook.com\/profile.php?id=61556356701093&amp;locale=es_ES\" \/>\n<meta property=\"article:modified_time\" content=\"2025-02-10T07:42:03+00:00\" \/>\n<meta name=\"twitter:card\" content=\"summary_large_image\" \/>\n<meta name=\"twitter:label1\" content=\"Tiempo de lectura\" \/>\n\t<meta name=\"twitter:data1\" content=\"1 minuto\" \/>\n<script type=\"application\/ld+json\" class=\"yoast-schema-graph\">{\"@context\":\"https:\/\/schema.org\",\"@graph\":[{\"@type\":\"WebPage\",\"@id\":\"https:\/\/boscvidra.com\/blog\/\",\"url\":\"https:\/\/boscvidra.com\/blog\/\",\"name\":\"Blog - Bosc Vidr\u00e0\",\"isPartOf\":{\"@id\":\"https:\/\/boscvidra.com\/#website\"},\"datePublished\":\"2025-02-04T08:01:41+00:00\",\"dateModified\":\"2025-02-10T07:42:03+00:00\",\"description\":\"Descobreix al blog de Bosc Vidr\u00e0 els articles sobre els beneficis de passar temps a la natura i la seva import\u00e0ncia per a la salut.\",\"breadcrumb\":{\"@id\":\"https:\/\/boscvidra.com\/blog\/#breadcrumb\"},\"inLanguage\":\"es\",\"potentialAction\":[{\"@type\":\"ReadAction\",\"target\":[\"https:\/\/boscvidra.com\/blog\/\"]}]},{\"@type\":\"BreadcrumbList\",\"@id\":\"https:\/\/boscvidra.com\/blog\/#breadcrumb\",\"itemListElement\":[{\"@type\":\"ListItem\",\"position\":1,\"name\":\"Portada\",\"item\":\"https:\/\/boscvidra.com\/\"},{\"@type\":\"ListItem\",\"position\":2,\"name\":\"Blog\"}]},{\"@type\":\"WebSite\",\"@id\":\"https:\/\/boscvidra.com\/#website\",\"url\":\"https:\/\/boscvidra.com\/\",\"name\":\"Bosc Vidr\u00e0\",\"description\":\"Bosc Vidr\u00e0\",\"potentialAction\":[{\"@type\":\"SearchAction\",\"target\":{\"@type\":\"EntryPoint\",\"urlTemplate\":\"https:\/\/boscvidra.com\/?s={search_term_string}\"},\"query-input\":{\"@type\":\"PropertyValueSpecification\",\"valueRequired\":true,\"valueName\":\"search_term_string\"}}],\"inLanguage\":\"es\"}]}<\/script>\n<!-- \/ Yoast SEO plugin. -->","yoast_head_json":{"title":"Blog - Bosc Vidr\u00e0","description":"Descobreix al blog de Bosc Vidr\u00e0 els articles sobre els beneficis de passar temps a la natura i la seva import\u00e0ncia per a la salut.","robots":{"index":"index","follow":"follow","max-snippet":"max-snippet:-1","max-image-preview":"max-image-preview:large","max-video-preview":"max-video-preview:-1"},"canonical":"https:\/\/boscvidra.com\/es\/blog\/","og_locale":"es_ES","og_type":"article","og_title":"Blog - Bosc Vidr\u00e0","og_description":"Descobreix al blog de Bosc Vidr\u00e0 els articles sobre els beneficis de passar temps a la natura i la seva import\u00e0ncia per a la salut.","og_url":"https:\/\/boscvidra.com\/es\/blog\/","og_site_name":"Bosc Vidr\u00e0","article_publisher":"https:\/\/www.facebook.com\/profile.php?id=61556356701093&locale=es_ES","article_modified_time":"2025-02-10T07:42:03+00:00","twitter_card":"summary_large_image","twitter_misc":{"Tiempo de lectura":"1 minuto"},"schema":{"@context":"https:\/\/schema.org","@graph":[{"@type":"WebPage","@id":"https:\/\/boscvidra.com\/blog\/","url":"https:\/\/boscvidra.com\/blog\/","name":"Blog - Bosc Vidr\u00e0","isPartOf":{"@id":"https:\/\/boscvidra.com\/#website"},"datePublished":"2025-02-04T08:01:41+00:00","dateModified":"2025-02-10T07:42:03+00:00","description":"Descobreix al blog de Bosc Vidr\u00e0 els articles sobre els beneficis de passar temps a la natura i la seva import\u00e0ncia per a la salut.","breadcrumb":{"@id":"https:\/\/boscvidra.com\/blog\/#breadcrumb"},"inLanguage":"es","potentialAction":[{"@type":"ReadAction","target":["https:\/\/boscvidra.com\/blog\/"]}]},{"@type":"BreadcrumbList","@id":"https:\/\/boscvidra.com\/blog\/#breadcrumb","itemListElement":[{"@type":"ListItem","position":1,"name":"Portada","item":"https:\/\/boscvidra.com\/"},{"@type":"ListItem","position":2,"name":"Blog"}]},{"@type":"WebSite","@id":"https:\/\/boscvidra.com\/#website","url":"https:\/\/boscvidra.com\/","name":"Bosc Vidr\u00e0","description":"Bosc Vidr\u00e0","potentialAction":[{"@type":"SearchAction","target":{"@type":"EntryPoint","urlTemplate":"https:\/\/boscvidra.com\/?s={search_term_string}"},"query-input":{"@type":"PropertyValueSpecification","valueRequired":true,"valueName":"search_term_string"}}],"inLanguage":"es"}]}},"uagb_featured_image_src":{"full":false,"thumbnail":false,"medium":false,"medium_large":false,"large":false,"1536x1536":false,"2048x2048":false,"trp-custom-language-flag":false},"uagb_author_info":{"display_name":"BoscVidr\u00e0","author_link":"https:\/\/boscvidra.com\/es\/author\/admin\/"},"uagb_comment_info":0,"uagb_excerpt":"Blog","_links":{"self":[{"href":"https:\/\/boscvidra.com\/es\/wp-json\/wp\/v2\/pages\/2692","targetHints":{"allow":["GET"]}}],"collection":[{"href":"https:\/\/boscvidra.com\/es\/wp-json\/wp\/v2\/pages"}],"about":[{"href":"https:\/\/boscvidra.com\/es\/wp-json\/wp\/v2\/types\/page"}],"author":[{"embeddable":true,"href":"https:\/\/boscvidra.com\/es\/wp-json\/wp\/v2\/users\/1"}],"replies":[{"embeddable":true,"href":"https:\/\/boscvidra.com\/es\/wp-json\/wp\/v2\/comments?post=2692"}],"version-history":[{"count":4,"href":"https:\/\/boscvidra.com\/es\/wp-json\/wp\/v2\/pages\/2692\/revisions"}],"predecessor-version":[{"id":2703,"href":"https:\/\/boscvidra.com\/es\/wp-json\/wp\/v2\/pages\/2692\/revisions\/2703"}],"wp:attachment":[{"href":"https:\/\/boscvidra.com\/es\/wp-json\/wp\/v2\/media?parent=2692"}],"curies":[{"name":"wp","href":"https:\/\/api.w.org\/{rel}","templated":true}]}}